{"id":634,"date":"2024-10-14T09:58:55","date_gmt":"2024-10-14T07:58:55","guid":{"rendered":"https:\/\/almaxa.aero\/?page_id=634"},"modified":"2025-02-14T22:30:49","modified_gmt":"2025-02-14T21:30:49","slug":"domov","status":"publish","type":"page","link":"https:\/\/almaxa.aero\/cs\/","title":{"rendered":"Domov"},"content":{"rendered":"\t\t<div data-elementor-type=\"wp-page\" data-elementor-id=\"634\" class=\"elementor elementor-634 elementor-22\">\n\t\t\t\t<div class=\"elementor-element elementor-element-2fd4b84 e-con-full e-flex e-con e-parent\" data-id=\"2fd4b84\" data-element_type=\"container\">\n\t\t\t\t<div class=\"elementor-element elementor-element-83fa4a2 elementor-widget elementor-widget-almaxa-aero-hero-banner\" data-id=\"83fa4a2\" data-element_type=\"widget\" data-widget_type=\"almaxa-aero-hero-banner.default\">\n\t\t\t\t<div class=\"elementor-widget-container\">\n\t\t\t\t\t\n<div class=\"hero-banner\" data-remove-open=\"0\">\n    <div class=\"hero-main\">\n        <div class=\"container-wrapper container-lg\">\n            <div class=\"hero-inner\">\n                <div class=\"hero-box\">\n                                            <h2 class=\"hero-box-title\">L\u00e9t\u00e1n\u00ed bez<br> kompromis\u016f<\/h2>                                                                <div class=\"cta cta-center\">\n                            <a href=\"#\">\n                                Chci vstoupit                                <svg class=\"icon icon-arrow\">\n                                    <use xlink:href=\"#icon-arrow\"><\/use>\n                                <\/svg>\n                            <\/a>\n                        <\/div>\n                                    <\/div>\n                <div class=\"hero-img\">\n                    <img fetchpriority=\"high\" decoding=\"async\" width=\"883\" height=\"453\" src=\"https:\/\/almaxa.aero\/wp-content\/themes\/almaxa-aero\/assets\/images\/airplane.webp\" alt=\"Airplane image\" \/>                <\/div>\n            <\/div>\n        <\/div>\n\n        <img decoding=\"async\" width=\"1440\" height=\"1019\" src=\"https:\/\/almaxa.aero\/wp-content\/themes\/almaxa-aero\/assets\/images\/heading-bg.webp\" class=\"bg\" alt=\"Background image\" \/>\n    <\/div>\n    <div class=\"hero-fly\">\n        <div class=\"container-lg\">\n                            <h2 class=\"title text-center mx-auto\" style=\"background-image: url(https:\/\/almaxa.aero\/wp-content\/themes\/almaxa-aero\/assets\/images\/heading-bg-darker.webp);\">\u0158e\u0161en\u00ed pro<br>\nsoukrom\u00e9 letectv\u00ed<\/h2>                                        <div class=\"cta cta-center\">\n                    <a href=\"https:\/\/almaxa.aero\/cs\/nas-pribeh\/\" class=\"cta-link\">\n                        Kdo jsme my                        <svg class=\"icon icon-arrow\">\n                            <use xlink:href=\"#icon-arrow\"><\/use>\n                        <\/svg>\n                    <\/a>\n                <\/div>\n                    <\/div>\n    <\/div>\n<\/div>\t\t\t\t<\/div>\n\t\t\t\t<\/div>\n\t\t\t\t<\/div>\n\t\t\t\t<\/div>\n\t\t","protected":false},"excerpt":{"rendered":"<p>L\u00e9t\u00e1n\u00ed bez kompromis\u016f Chci vstoupit \u0158e\u0161en\u00ed pro soukrom\u00e9 letectv\u00ed Kdo jsme my<\/p>\n","protected":false},"author":2,"featured_media":0,"parent":0,"menu_order":0,"comment_status":"closed","ping_status":"closed","template":"page-templates\/page_full-width.php","meta":{"_acf_changed":false,"inline_featured_image":false,"footnotes":""},"class_list":["post-634","page","type-page","status-publish","hentry"],"acf":[],"yoast_head":"<!-- This site is optimized with the Yoast SEO plugin v24.1 - https:\/\/yoast.com\/wordpress\/plugins\/seo\/ -->\n<title>Priv\u00e1tn\u00ed lety na m\u00edru | Almaxa<\/title>\n<meta name=\"description\" content=\"Almaxa AERO nab\u00edz\u00ed priv\u00e1tn\u00ed lety na m\u00edru, \u010d\u00edm\u017e p\u0159in\u00e1\u0161\u00ed vyj\u00edme\u010dn\u00fd komfort a flexibilitu. Ozv\u011bte se n\u00e1m a vyra\u017ete do sv\u011bta!\" \/>\n<meta name=\"robots\" content=\"index, follow, max-snippet:-1, max-image-preview:large, max-video-preview:-1\" \/>\n<link rel=\"canonical\" href=\"https:\/\/almaxa.aero\/cs\/\" \/>\n<meta property=\"og:locale\" content=\"cs_CZ\" \/>\n<meta property=\"og:type\" content=\"article\" \/>\n<meta property=\"og:title\" content=\"Priv\u00e1tn\u00ed lety na m\u00edru | Almaxa\" \/>\n<meta property=\"og:description\" content=\"Almaxa AERO nab\u00edz\u00ed priv\u00e1tn\u00ed lety na m\u00edru, \u010d\u00edm\u017e p\u0159in\u00e1\u0161\u00ed vyj\u00edme\u010dn\u00fd komfort a flexibilitu. Ozv\u011bte se n\u00e1m a vyra\u017ete do sv\u011bta!\" \/>\n<meta property=\"og:url\" content=\"https:\/\/almaxa.aero\/cs\/\" \/>\n<meta property=\"og:site_name\" content=\"Almaxa\" \/>\n<meta property=\"article:modified_time\" content=\"2025-02-14T21:30:49+00:00\" \/>\n<meta property=\"og:image\" content=\"https:\/\/almaxa.aero\/wp-content\/themes\/almaxa-aero\/assets\/images\/airplane.webp\" \/>\n<meta name=\"twitter:card\" content=\"summary_large_image\" \/>\n<meta name=\"twitter:label1\" content=\"Odhadovan\u00e1 doba \u010dten\u00ed\" \/>\n\t<meta name=\"twitter:data1\" content=\"1 minuta\" \/>\n<script type=\"application\/ld+json\" class=\"yoast-schema-graph\">{\"@context\":\"https:\/\/schema.org\",\"@graph\":[{\"@type\":\"WebPage\",\"@id\":\"https:\/\/almaxa.aero\/cs\/\",\"url\":\"https:\/\/almaxa.aero\/cs\/\",\"name\":\"Priv\u00e1tn\u00ed lety na m\u00edru | Almaxa\",\"isPartOf\":{\"@id\":\"https:\/\/almaxa.aero\/cs\/#website\"},\"primaryImageOfPage\":{\"@id\":\"https:\/\/almaxa.aero\/cs\/#primaryimage\"},\"image\":{\"@id\":\"https:\/\/almaxa.aero\/cs\/#primaryimage\"},\"thumbnailUrl\":\"https:\/\/almaxa.aero\/wp-content\/themes\/almaxa-aero\/assets\/images\/airplane.webp\",\"datePublished\":\"2024-10-14T07:58:55+00:00\",\"dateModified\":\"2025-02-14T21:30:49+00:00\",\"description\":\"Almaxa AERO nab\u00edz\u00ed priv\u00e1tn\u00ed lety na m\u00edru, \u010d\u00edm\u017e p\u0159in\u00e1\u0161\u00ed vyj\u00edme\u010dn\u00fd komfort a flexibilitu. Ozv\u011bte se n\u00e1m a vyra\u017ete do sv\u011bta!\",\"breadcrumb\":{\"@id\":\"https:\/\/almaxa.aero\/cs\/#breadcrumb\"},\"inLanguage\":\"cs\",\"potentialAction\":[{\"@type\":\"ReadAction\",\"target\":[\"https:\/\/almaxa.aero\/cs\/\"]}]},{\"@type\":\"ImageObject\",\"inLanguage\":\"cs\",\"@id\":\"https:\/\/almaxa.aero\/cs\/#primaryimage\",\"url\":\"https:\/\/almaxa.aero\/wp-content\/themes\/almaxa-aero\/assets\/images\/airplane.webp\",\"contentUrl\":\"https:\/\/almaxa.aero\/wp-content\/themes\/almaxa-aero\/assets\/images\/airplane.webp\"},{\"@type\":\"BreadcrumbList\",\"@id\":\"https:\/\/almaxa.aero\/cs\/#breadcrumb\",\"itemListElement\":[{\"@type\":\"ListItem\",\"position\":1,\"name\":\"Domovsk\u00e1 str\u00e1nka\",\"item\":\"https:\/\/almaxa.aero\/cs\/\"},{\"@type\":\"ListItem\",\"position\":2,\"name\":\"Domov\"}]},{\"@type\":\"WebSite\",\"@id\":\"https:\/\/almaxa.aero\/cs\/#website\",\"url\":\"https:\/\/almaxa.aero\/cs\/\",\"name\":\"Almaxa\",\"description\":\"Lietanie bez kompromisov\",\"publisher\":{\"@id\":\"https:\/\/almaxa.aero\/cs\/#organization\"},\"potentialAction\":[{\"@type\":\"SearchAction\",\"target\":{\"@type\":\"EntryPoint\",\"urlTemplate\":\"https:\/\/almaxa.aero\/cs\/?s={search_term_string}\"},\"query-input\":{\"@type\":\"PropertyValueSpecification\",\"valueRequired\":true,\"valueName\":\"search_term_string\"}}],\"inLanguage\":\"cs\"},{\"@type\":\"Organization\",\"@id\":\"https:\/\/almaxa.aero\/cs\/#organization\",\"name\":\"Almaxa\",\"url\":\"https:\/\/almaxa.aero\/cs\/\",\"logo\":{\"@type\":\"ImageObject\",\"inLanguage\":\"cs\",\"@id\":\"https:\/\/almaxa.aero\/cs\/#\/schema\/logo\/image\/\",\"url\":\"https:\/\/almaxa.aero\/wp-content\/uploads\/2024\/10\/logo-almaxa.svg\",\"contentUrl\":\"https:\/\/almaxa.aero\/wp-content\/uploads\/2024\/10\/logo-almaxa.svg\",\"width\":144,\"height\":38,\"caption\":\"Almaxa\"},\"image\":{\"@id\":\"https:\/\/almaxa.aero\/cs\/#\/schema\/logo\/image\/\"}}]}<\/script>\n<!-- \/ Yoast SEO plugin. -->","yoast_head_json":{"title":"Priv\u00e1tn\u00ed lety na m\u00edru | Almaxa","description":"Almaxa AERO nab\u00edz\u00ed priv\u00e1tn\u00ed lety na m\u00edru, \u010d\u00edm\u017e p\u0159in\u00e1\u0161\u00ed vyj\u00edme\u010dn\u00fd komfort a flexibilitu. Ozv\u011bte se n\u00e1m a vyra\u017ete do sv\u011bta!","robots":{"index":"index","follow":"follow","max-snippet":"max-snippet:-1","max-image-preview":"max-image-preview:large","max-video-preview":"max-video-preview:-1"},"canonical":"https:\/\/almaxa.aero\/cs\/","og_locale":"cs_CZ","og_type":"article","og_title":"Priv\u00e1tn\u00ed lety na m\u00edru | Almaxa","og_description":"Almaxa AERO nab\u00edz\u00ed priv\u00e1tn\u00ed lety na m\u00edru, \u010d\u00edm\u017e p\u0159in\u00e1\u0161\u00ed vyj\u00edme\u010dn\u00fd komfort a flexibilitu. Ozv\u011bte se n\u00e1m a vyra\u017ete do sv\u011bta!","og_url":"https:\/\/almaxa.aero\/cs\/","og_site_name":"Almaxa","article_modified_time":"2025-02-14T21:30:49+00:00","og_image":[{"url":"https:\/\/almaxa.aero\/wp-content\/themes\/almaxa-aero\/assets\/images\/airplane.webp","type":"","width":"","height":""}],"twitter_card":"summary_large_image","twitter_misc":{"Odhadovan\u00e1 doba \u010dten\u00ed":"1 minuta"},"schema":{"@context":"https:\/\/schema.org","@graph":[{"@type":"WebPage","@id":"https:\/\/almaxa.aero\/cs\/","url":"https:\/\/almaxa.aero\/cs\/","name":"Priv\u00e1tn\u00ed lety na m\u00edru | Almaxa","isPartOf":{"@id":"https:\/\/almaxa.aero\/cs\/#website"},"primaryImageOfPage":{"@id":"https:\/\/almaxa.aero\/cs\/#primaryimage"},"image":{"@id":"https:\/\/almaxa.aero\/cs\/#primaryimage"},"thumbnailUrl":"https:\/\/almaxa.aero\/wp-content\/themes\/almaxa-aero\/assets\/images\/airplane.webp","datePublished":"2024-10-14T07:58:55+00:00","dateModified":"2025-02-14T21:30:49+00:00","description":"Almaxa AERO nab\u00edz\u00ed priv\u00e1tn\u00ed lety na m\u00edru, \u010d\u00edm\u017e p\u0159in\u00e1\u0161\u00ed vyj\u00edme\u010dn\u00fd komfort a flexibilitu. Ozv\u011bte se n\u00e1m a vyra\u017ete do sv\u011bta!","breadcrumb":{"@id":"https:\/\/almaxa.aero\/cs\/#breadcrumb"},"inLanguage":"cs","potentialAction":[{"@type":"ReadAction","target":["https:\/\/almaxa.aero\/cs\/"]}]},{"@type":"ImageObject","inLanguage":"cs","@id":"https:\/\/almaxa.aero\/cs\/#primaryimage","url":"https:\/\/almaxa.aero\/wp-content\/themes\/almaxa-aero\/assets\/images\/airplane.webp","contentUrl":"https:\/\/almaxa.aero\/wp-content\/themes\/almaxa-aero\/assets\/images\/airplane.webp"},{"@type":"BreadcrumbList","@id":"https:\/\/almaxa.aero\/cs\/#breadcrumb","itemListElement":[{"@type":"ListItem","position":1,"name":"Domovsk\u00e1 str\u00e1nka","item":"https:\/\/almaxa.aero\/cs\/"},{"@type":"ListItem","position":2,"name":"Domov"}]},{"@type":"WebSite","@id":"https:\/\/almaxa.aero\/cs\/#website","url":"https:\/\/almaxa.aero\/cs\/","name":"Almaxa","description":"Lietanie bez kompromisov","publisher":{"@id":"https:\/\/almaxa.aero\/cs\/#organization"},"potentialAction":[{"@type":"SearchAction","target":{"@type":"EntryPoint","urlTemplate":"https:\/\/almaxa.aero\/cs\/?s={search_term_string}"},"query-input":{"@type":"PropertyValueSpecification","valueRequired":true,"valueName":"search_term_string"}}],"inLanguage":"cs"},{"@type":"Organization","@id":"https:\/\/almaxa.aero\/cs\/#organization","name":"Almaxa","url":"https:\/\/almaxa.aero\/cs\/","logo":{"@type":"ImageObject","inLanguage":"cs","@id":"https:\/\/almaxa.aero\/cs\/#\/schema\/logo\/image\/","url":"https:\/\/almaxa.aero\/wp-content\/uploads\/2024\/10\/logo-almaxa.svg","contentUrl":"https:\/\/almaxa.aero\/wp-content\/uploads\/2024\/10\/logo-almaxa.svg","width":144,"height":38,"caption":"Almaxa"},"image":{"@id":"https:\/\/almaxa.aero\/cs\/#\/schema\/logo\/image\/"}}]}},"_links":{"self":[{"href":"https:\/\/almaxa.aero\/cs\/wp-json\/wp\/v2\/pages\/634","targetHints":{"allow":["GET"]}}],"collection":[{"href":"https:\/\/almaxa.aero\/cs\/wp-json\/wp\/v2\/pages"}],"about":[{"href":"https:\/\/almaxa.aero\/cs\/wp-json\/wp\/v2\/types\/page"}],"author":[{"embeddable":true,"href":"https:\/\/almaxa.aero\/cs\/wp-json\/wp\/v2\/users\/2"}],"replies":[{"embeddable":true,"href":"https:\/\/almaxa.aero\/cs\/wp-json\/wp\/v2\/comments?post=634"}],"version-history":[{"count":5,"href":"https:\/\/almaxa.aero\/cs\/wp-json\/wp\/v2\/pages\/634\/revisions"}],"predecessor-version":[{"id":770,"href":"https:\/\/almaxa.aero\/cs\/wp-json\/wp\/v2\/pages\/634\/revisions\/770"}],"wp:attachment":[{"href":"https:\/\/almaxa.aero\/cs\/wp-json\/wp\/v2\/media?parent=634"}],"curies":[{"name":"wp","href":"https:\/\/api.w.org\/{rel}","templated":true}]}}