{"id":646,"date":"2024-10-21T10:28:14","date_gmt":"2024-10-21T08:28:14","guid":{"rendered":"https:\/\/almaxa.aero\/?page_id=646"},"modified":"2025-02-14T22:55:14","modified_gmt":"2025-02-14T21:55:14","slug":"poradenstvi","status":"publish","type":"page","link":"https:\/\/almaxa.aero\/cs\/poradenstvi\/","title":{"rendered":"Poradenstv\u00ed"},"content":{"rendered":"\t\t<div data-elementor-type=\"wp-page\" data-elementor-id=\"646\" class=\"elementor elementor-646 elementor-176\">\n\t\t\t\t<div class=\"elementor-element elementor-element-cee37fa e-flex e-con-boxed e-con e-parent\" data-id=\"cee37fa\" data-element_type=\"container\">\n\t\t\t\t\t<div class=\"e-con-inner\">\n\t\t<div class=\"elementor-element elementor-element-fd39d0e e-con-full e-flex e-con e-child\" data-id=\"fd39d0e\" data-element_type=\"container\">\n\t\t\t\t<div class=\"elementor-element elementor-element-7725dfa elementor-widget elementor-widget-almaxa-aero-heading\" data-id=\"7725dfa\" data-element_type=\"widget\" data-widget_type=\"almaxa-aero-heading.default\">\n\t\t\t\t<div class=\"elementor-widget-container\">\n\t\t\t\t\t<h1 class=\"text-56-67\">Poj\u010fte do priv\u00e1tn\u00edho <br>letectv\u00ed naplno. <br>\n<span class=\u201ehighlighted\u201c>S vlastn\u00edm letadlem.<\/span><\/h1>\t\t\t\t<\/div>\n\t\t\t\t<\/div>\n\t\t\t\t<div class=\"elementor-element elementor-element-5025ec3 max-w-500 elementor-widget elementor-widget-almaxa-aero-text-editor\" data-id=\"5025ec3\" data-element_type=\"widget\" data-widget_type=\"almaxa-aero-text-editor.default\">\n\t\t\t\t<div class=\"elementor-widget-container\">\n\t\t\t\t\t<div class=\"text-editor-content\"><p><strong>P\u0159em\u00fd\u0161l\u00edte u\u017e n\u011bjakou dobu o vlastn\u00edm letadle?\u2028Nebo jen p\u0159em\u00fd\u0161l\u00edte o jeho v\u00fdm\u011bn\u011b \u010di p\u0159esunu do jin\u00e9 kategorie?\u2028<\/strong>\u2028<\/p><p>Vyu\u017eijte na\u0161ich zku\u0161enost\u00ed a dokonal\u00e9 znalosti oboru. Pom\u016f\u017eeme v\u00e1m s v\u00fdb\u011brem letadla, jeho n\u00e1kupem i provozn\u00edm modelem. Spole\u010dn\u011b vybereme vhodn\u00e9ho provozovatele a zajist\u00edme v\u00e1m spr\u00e1vn\u00e9 nastaven\u00ed. Tak, aby pro v\u00e1s soukrom\u00e9 l\u00e9t\u00e1n\u00ed m\u011blo ekonomick\u00fd smysl a z\u00e1rove\u0148 v\u00e1m umo\u017enilo dos\u00e1hnout va\u0161ich c\u00edl\u016f.<\/p><\/div>\t\t\t\t<\/div>\n\t\t\t\t<\/div>\n\t\t\t\t<\/div>\n\t\t<div class=\"elementor-element elementor-element-5cae42d e-con-full e-flex e-con e-child\" data-id=\"5cae42d\" data-element_type=\"container\">\n\t\t\t\t<div class=\"elementor-element elementor-element-b7246bd image-fixed-aspect-ratio ratio-1-1 elementor-widget elementor-widget-image\" data-id=\"b7246bd\" data-element_type=\"widget\" data-widget_type=\"image.default\">\n\t\t\t\t<div class=\"elementor-widget-container\">\n\t\t\t\t\t\t\t\t\t\t\t\t\t\t\t<img fetchpriority=\"high\" decoding=\"async\" width=\"640\" height=\"426\" src=\"https:\/\/almaxa.aero\/wp-content\/uploads\/2024\/10\/document-signing-1024x682.webp\" class=\"attachment-large size-large wp-image-282\" alt=\"rady a tipy sukromne lety almaxa.aero\" srcset=\"https:\/\/almaxa.aero\/wp-content\/uploads\/2024\/10\/document-signing-1024x682.webp 1024w, https:\/\/almaxa.aero\/wp-content\/uploads\/2024\/10\/document-signing-300x200.webp 300w, https:\/\/almaxa.aero\/wp-content\/uploads\/2024\/10\/document-signing-768x512.webp 768w, https:\/\/almaxa.aero\/wp-content\/uploads\/2024\/10\/document-signing.webp 1328w\" sizes=\"(max-width: 640px) 100vw, 640px\" \/>\t\t\t\t\t\t\t\t\t\t\t\t\t\t\t<\/div>\n\t\t\t\t<\/div>\n\t\t\t\t<\/div>\n\t\t\t\t\t<\/div>\n\t\t\t\t<\/div>\n\t\t\t\t<\/div>\n\t\t","protected":false},"excerpt":{"rendered":"<p>Poj\u010fte do priv\u00e1tn\u00edho letectv\u00ed naplno. S vlastn\u00edm letadlem. P\u0159em\u00fd\u0161l\u00edte u\u017e n\u011bjakou dobu o vlastn\u00edm letadle?\u2028Nebo jen p\u0159em\u00fd\u0161l\u00edte o jeho v\u00fdm\u011bn\u011b [&hellip;]<\/p>\n","protected":false},"author":2,"featured_media":0,"parent":0,"menu_order":0,"comment_status":"closed","ping_status":"closed","template":"page-templates\/page_full-width.php","meta":{"_acf_changed":false,"inline_featured_image":false,"footnotes":""},"class_list":["post-646","page","type-page","status-publish","hentry"],"acf":[],"yoast_head":"<!-- This site is optimized with the Yoast SEO plugin v24.1 - https:\/\/yoast.com\/wordpress\/plugins\/seo\/ -->\n<title>Poradenstv\u00ed - priv\u00e1tn\u00ed lety | Almaxa<\/title>\n<meta name=\"description\" content=\"U\u017e d\u00e9le uva\u017eujete nad vlastn\u00edm letadlem? Vyu\u017eijte na\u0161ich zku\u0161enost\u00ed a perfektn\u00ed orientace v oboru. V\u00edce na almaxa.aero.\" \/>\n<meta name=\"robots\" content=\"index, follow, max-snippet:-1, max-image-preview:large, max-video-preview:-1\" \/>\n<link rel=\"canonical\" href=\"https:\/\/almaxa.aero\/cs\/poradenstvi\/\" \/>\n<meta property=\"og:locale\" content=\"cs_CZ\" \/>\n<meta property=\"og:type\" content=\"article\" \/>\n<meta property=\"og:title\" content=\"Poradenstv\u00ed - priv\u00e1tn\u00ed lety | Almaxa\" \/>\n<meta property=\"og:description\" content=\"U\u017e d\u00e9le uva\u017eujete nad vlastn\u00edm letadlem? Vyu\u017eijte na\u0161ich zku\u0161enost\u00ed a perfektn\u00ed orientace v oboru. V\u00edce na almaxa.aero.\" \/>\n<meta property=\"og:url\" content=\"https:\/\/almaxa.aero\/cs\/poradenstvi\/\" \/>\n<meta property=\"og:site_name\" content=\"Almaxa\" \/>\n<meta property=\"article:modified_time\" content=\"2025-02-14T21:55:14+00:00\" \/>\n<meta property=\"og:image\" content=\"https:\/\/almaxa.aero\/wp-content\/uploads\/2024\/10\/document-signing-1024x682.webp\" \/>\n<meta name=\"twitter:card\" content=\"summary_large_image\" \/>\n<meta name=\"twitter:label1\" content=\"Odhadovan\u00e1 doba \u010dten\u00ed\" \/>\n\t<meta name=\"twitter:data1\" content=\"1 minuta\" \/>\n<script type=\"application\/ld+json\" class=\"yoast-schema-graph\">{\"@context\":\"https:\/\/schema.org\",\"@graph\":[{\"@type\":\"WebPage\",\"@id\":\"https:\/\/almaxa.aero\/cs\/poradenstvi\/\",\"url\":\"https:\/\/almaxa.aero\/cs\/poradenstvi\/\",\"name\":\"Poradenstv\u00ed - priv\u00e1tn\u00ed lety | Almaxa\",\"isPartOf\":{\"@id\":\"https:\/\/almaxa.aero\/cs\/#website\"},\"primaryImageOfPage\":{\"@id\":\"https:\/\/almaxa.aero\/cs\/poradenstvi\/#primaryimage\"},\"image\":{\"@id\":\"https:\/\/almaxa.aero\/cs\/poradenstvi\/#primaryimage\"},\"thumbnailUrl\":\"https:\/\/almaxa.aero\/wp-content\/uploads\/2024\/10\/document-signing-1024x682.webp\",\"datePublished\":\"2024-10-21T08:28:14+00:00\",\"dateModified\":\"2025-02-14T21:55:14+00:00\",\"description\":\"U\u017e d\u00e9le uva\u017eujete nad vlastn\u00edm letadlem? Vyu\u017eijte na\u0161ich zku\u0161enost\u00ed a perfektn\u00ed orientace v oboru. V\u00edce na almaxa.aero.\",\"breadcrumb\":{\"@id\":\"https:\/\/almaxa.aero\/cs\/poradenstvi\/#breadcrumb\"},\"inLanguage\":\"cs\",\"potentialAction\":[{\"@type\":\"ReadAction\",\"target\":[\"https:\/\/almaxa.aero\/cs\/poradenstvi\/\"]}]},{\"@type\":\"ImageObject\",\"inLanguage\":\"cs\",\"@id\":\"https:\/\/almaxa.aero\/cs\/poradenstvi\/#primaryimage\",\"url\":\"https:\/\/almaxa.aero\/wp-content\/uploads\/2024\/10\/document-signing-1024x682.webp\",\"contentUrl\":\"https:\/\/almaxa.aero\/wp-content\/uploads\/2024\/10\/document-signing-1024x682.webp\"},{\"@type\":\"BreadcrumbList\",\"@id\":\"https:\/\/almaxa.aero\/cs\/poradenstvi\/#breadcrumb\",\"itemListElement\":[{\"@type\":\"ListItem\",\"position\":1,\"name\":\"Domovsk\u00e1 str\u00e1nka\",\"item\":\"https:\/\/almaxa.aero\/cs\/\"},{\"@type\":\"ListItem\",\"position\":2,\"name\":\"Poradenstv\u00ed\"}]},{\"@type\":\"WebSite\",\"@id\":\"https:\/\/almaxa.aero\/cs\/#website\",\"url\":\"https:\/\/almaxa.aero\/cs\/\",\"name\":\"Almaxa\",\"description\":\"Lietanie bez kompromisov\",\"publisher\":{\"@id\":\"https:\/\/almaxa.aero\/cs\/#organization\"},\"potentialAction\":[{\"@type\":\"SearchAction\",\"target\":{\"@type\":\"EntryPoint\",\"urlTemplate\":\"https:\/\/almaxa.aero\/cs\/?s={search_term_string}\"},\"query-input\":{\"@type\":\"PropertyValueSpecification\",\"valueRequired\":true,\"valueName\":\"search_term_string\"}}],\"inLanguage\":\"cs\"},{\"@type\":\"Organization\",\"@id\":\"https:\/\/almaxa.aero\/cs\/#organization\",\"name\":\"Almaxa\",\"url\":\"https:\/\/almaxa.aero\/cs\/\",\"logo\":{\"@type\":\"ImageObject\",\"inLanguage\":\"cs\",\"@id\":\"https:\/\/almaxa.aero\/cs\/#\/schema\/logo\/image\/\",\"url\":\"https:\/\/almaxa.aero\/wp-content\/uploads\/2024\/10\/logo-almaxa.svg\",\"contentUrl\":\"https:\/\/almaxa.aero\/wp-content\/uploads\/2024\/10\/logo-almaxa.svg\",\"width\":144,\"height\":38,\"caption\":\"Almaxa\"},\"image\":{\"@id\":\"https:\/\/almaxa.aero\/cs\/#\/schema\/logo\/image\/\"}}]}<\/script>\n<!-- \/ Yoast SEO plugin. -->","yoast_head_json":{"title":"Poradenstv\u00ed - priv\u00e1tn\u00ed lety | Almaxa","description":"U\u017e d\u00e9le uva\u017eujete nad vlastn\u00edm letadlem? Vyu\u017eijte na\u0161ich zku\u0161enost\u00ed a perfektn\u00ed orientace v oboru. V\u00edce na almaxa.aero.","robots":{"index":"index","follow":"follow","max-snippet":"max-snippet:-1","max-image-preview":"max-image-preview:large","max-video-preview":"max-video-preview:-1"},"canonical":"https:\/\/almaxa.aero\/cs\/poradenstvi\/","og_locale":"cs_CZ","og_type":"article","og_title":"Poradenstv\u00ed - priv\u00e1tn\u00ed lety | Almaxa","og_description":"U\u017e d\u00e9le uva\u017eujete nad vlastn\u00edm letadlem? Vyu\u017eijte na\u0161ich zku\u0161enost\u00ed a perfektn\u00ed orientace v oboru. V\u00edce na almaxa.aero.","og_url":"https:\/\/almaxa.aero\/cs\/poradenstvi\/","og_site_name":"Almaxa","article_modified_time":"2025-02-14T21:55:14+00:00","og_image":[{"url":"https:\/\/almaxa.aero\/wp-content\/uploads\/2024\/10\/document-signing-1024x682.webp","type":"","width":"","height":""}],"twitter_card":"summary_large_image","twitter_misc":{"Odhadovan\u00e1 doba \u010dten\u00ed":"1 minuta"},"schema":{"@context":"https:\/\/schema.org","@graph":[{"@type":"WebPage","@id":"https:\/\/almaxa.aero\/cs\/poradenstvi\/","url":"https:\/\/almaxa.aero\/cs\/poradenstvi\/","name":"Poradenstv\u00ed - priv\u00e1tn\u00ed lety | Almaxa","isPartOf":{"@id":"https:\/\/almaxa.aero\/cs\/#website"},"primaryImageOfPage":{"@id":"https:\/\/almaxa.aero\/cs\/poradenstvi\/#primaryimage"},"image":{"@id":"https:\/\/almaxa.aero\/cs\/poradenstvi\/#primaryimage"},"thumbnailUrl":"https:\/\/almaxa.aero\/wp-content\/uploads\/2024\/10\/document-signing-1024x682.webp","datePublished":"2024-10-21T08:28:14+00:00","dateModified":"2025-02-14T21:55:14+00:00","description":"U\u017e d\u00e9le uva\u017eujete nad vlastn\u00edm letadlem? Vyu\u017eijte na\u0161ich zku\u0161enost\u00ed a perfektn\u00ed orientace v oboru. V\u00edce na almaxa.aero.","breadcrumb":{"@id":"https:\/\/almaxa.aero\/cs\/poradenstvi\/#breadcrumb"},"inLanguage":"cs","potentialAction":[{"@type":"ReadAction","target":["https:\/\/almaxa.aero\/cs\/poradenstvi\/"]}]},{"@type":"ImageObject","inLanguage":"cs","@id":"https:\/\/almaxa.aero\/cs\/poradenstvi\/#primaryimage","url":"https:\/\/almaxa.aero\/wp-content\/uploads\/2024\/10\/document-signing-1024x682.webp","contentUrl":"https:\/\/almaxa.aero\/wp-content\/uploads\/2024\/10\/document-signing-1024x682.webp"},{"@type":"BreadcrumbList","@id":"https:\/\/almaxa.aero\/cs\/poradenstvi\/#breadcrumb","itemListElement":[{"@type":"ListItem","position":1,"name":"Domovsk\u00e1 str\u00e1nka","item":"https:\/\/almaxa.aero\/cs\/"},{"@type":"ListItem","position":2,"name":"Poradenstv\u00ed"}]},{"@type":"WebSite","@id":"https:\/\/almaxa.aero\/cs\/#website","url":"https:\/\/almaxa.aero\/cs\/","name":"Almaxa","description":"Lietanie bez kompromisov","publisher":{"@id":"https:\/\/almaxa.aero\/cs\/#organization"},"potentialAction":[{"@type":"SearchAction","target":{"@type":"EntryPoint","urlTemplate":"https:\/\/almaxa.aero\/cs\/?s={search_term_string}"},"query-input":{"@type":"PropertyValueSpecification","valueRequired":true,"valueName":"search_term_string"}}],"inLanguage":"cs"},{"@type":"Organization","@id":"https:\/\/almaxa.aero\/cs\/#organization","name":"Almaxa","url":"https:\/\/almaxa.aero\/cs\/","logo":{"@type":"ImageObject","inLanguage":"cs","@id":"https:\/\/almaxa.aero\/cs\/#\/schema\/logo\/image\/","url":"https:\/\/almaxa.aero\/wp-content\/uploads\/2024\/10\/logo-almaxa.svg","contentUrl":"https:\/\/almaxa.aero\/wp-content\/uploads\/2024\/10\/logo-almaxa.svg","width":144,"height":38,"caption":"Almaxa"},"image":{"@id":"https:\/\/almaxa.aero\/cs\/#\/schema\/logo\/image\/"}}]}},"_links":{"self":[{"href":"https:\/\/almaxa.aero\/cs\/wp-json\/wp\/v2\/pages\/646","targetHints":{"allow":["GET"]}}],"collection":[{"href":"https:\/\/almaxa.aero\/cs\/wp-json\/wp\/v2\/pages"}],"about":[{"href":"https:\/\/almaxa.aero\/cs\/wp-json\/wp\/v2\/types\/page"}],"author":[{"embeddable":true,"href":"https:\/\/almaxa.aero\/cs\/wp-json\/wp\/v2\/users\/2"}],"replies":[{"embeddable":true,"href":"https:\/\/almaxa.aero\/cs\/wp-json\/wp\/v2\/comments?post=646"}],"version-history":[{"count":5,"href":"https:\/\/almaxa.aero\/cs\/wp-json\/wp\/v2\/pages\/646\/revisions"}],"predecessor-version":[{"id":776,"href":"https:\/\/almaxa.aero\/cs\/wp-json\/wp\/v2\/pages\/646\/revisions\/776"}],"wp:attachment":[{"href":"https:\/\/almaxa.aero\/cs\/wp-json\/wp\/v2\/media?parent=646"}],"curies":[{"name":"wp","href":"https:\/\/api.w.org\/{rel}","templated":true}]}}